{"id":4038,"date":"2021-02-23T09:20:02","date_gmt":"2021-02-23T13:20:02","guid":{"rendered":"https:\/\/feedpixel.com\/product\/import-placeholder-for-3580\/"},"modified":"2026-01-24T10:12:37","modified_gmt":"2026-01-24T14:12:37","slug":"youtube-subscribers","status":"publish","type":"product","link":"https:\/\/feedpixel.com\/pt\/produto\/assinantes-do-youtube\/","title":{"rendered":"Assinantes do YouTube"},"content":{"rendered":"<p><a name=\"#tab-description\"><\/a><\/p>\n<h1>Por que voc\u00ea deve comprar assinantes do YouTube:<\/h1>\n<p>As pessoas da nova era usam a plataforma do YouTube para compartilhar ideias brilhantes e sabedoria de vida, promover neg\u00f3cios e educar outras pessoas. Ter um \u00f3timo conte\u00fado e uma grande dose de inspira\u00e7\u00e3o obviamente n\u00e3o \u00e9 suficiente na realidade. Ofensivamente, o algoritmo do YouTube conta os inscritos e espectadores do seu canal em primeiro lugar.<\/p>\n<p>Para o YouTube, o mais importante \u00e9 quantas pessoas seguem voc\u00ea e, dependendo disso, seu canal ser\u00e1 classificado. Compre assinantes do YouTube e torne seu canal mais atraente para outras pessoas, principalmente para o algoritmo do YouTube. Depois de concluir o pedido, seu agente pessoal, que ser\u00e1 contratado pela FeedPixel, come\u00e7ar\u00e1 a analisar seu canal e a criar um servi\u00e7o exclusivo que aumentar\u00e1 suas chances de chegar ao primeiro lugar no YouTube. N\u00e3o cobramos nenhuma taxa extra de um agente e ele estar\u00e1 dispon\u00edvel 24 horas por dia, 7 dias por semana e responder\u00e1 a todas as suas perguntas.<\/p>\n<p>Comprando assinantes do YouTube com FeedPixel, voc\u00ea obter\u00e1 assinantes com contas aut\u00eanticas. Quaisquer riscos s\u00e3o eliminados pelo FeedPixel. O processo de compra de seguidores no YouTube \u00e9 leg\u00edtimo e n\u00e3o exigimos nenhuma informa\u00e7\u00e3o privada sua. Muitos outros sites informam que oferecem o pre\u00e7o \u201cbaixo\u201d, mas esperamos que voc\u00ea tenha feito algumas pesquisas e comparado nosso servi\u00e7o com outros sites e descoberto que apenas FeedPixel tem o pre\u00e7o mais baixo para o servi\u00e7o mais confi\u00e1vel. Junte-se a n\u00f3s e fa\u00e7a o melhor neg\u00f3cio!<\/p>\n<h2><strong>Como comprar assinantes do YouTube:<\/strong><\/h2>\n<ol>\n<li>Escolha a op\u00e7\u00e3o que voc\u00ea deseja que forne\u00e7amos.<\/li>\n<li>Insira seu URL do YouTube.<\/li>\n<li>V\u00e1 para \u201cAdicionar ao carrinho\u201d.<\/li>\n<li>Clique em \u201cProsseguir para finalizar a compra\u201d.<\/li>\n<li>Complete a p\u00e1gina de checkout.<\/li>\n<li>Depois de concluir seu pedido, nossa empresa contratar\u00e1 um agente de suporte qualificado 24 horas por dia, 7 dias por semana, que explicar\u00e1 tudo sobre as pr\u00f3ximas etapas.<\/li>\n<\/ol>","protected":false},"excerpt":{"rendered":"<p>Why you should buy YouTube Subscribers: People of the new era use YouTube platform to share brilliant ideas and life wisdom, promote businesses and educate others. Having a great content and hefty portion of inspiration is obviously not enough in reality. Offensively enough, YouTube algorithm count your channel subscribers and viewers in the first place. [&hellip;]<\/p>","protected":false},"featured_media":4059,"comment_status":"open","ping_status":"closed","template":"","meta":{"_acf_changed":false},"product_cat":[35],"product_tag":[39],"class_list":{"0":"post-4038","1":"product","2":"type-product","3":"status-publish","4":"has-post-thumbnail","6":"product_cat-youtube","7":"product_tag-buy-youtube-subscribers","9":"first","10":"instock","11":"sold-individually","12":"shipping-taxable","13":"purchasable","14":"product-type-variable"},"bundle_layout":"","bundled_by":["4907"],"bundled_items":[],"acf":[],"_links":{"self":[{"href":"https:\/\/feedpixel.com\/pt\/wp-json\/wp\/v2\/product\/4038","targetHints":{"allow":["GET"]}}],"collection":[{"href":"https:\/\/feedpixel.com\/pt\/wp-json\/wp\/v2\/product"}],"about":[{"href":"https:\/\/feedpixel.com\/pt\/wp-json\/wp\/v2\/types\/product"}],"replies":[{"embeddable":true,"href":"https:\/\/feedpixel.com\/pt\/wp-json\/wp\/v2\/comments?post=4038"}],"wp:featuredmedia":[{"embeddable":true,"href":"https:\/\/feedpixel.com\/pt\/wp-json\/wp\/v2\/media\/4059"}],"wp:attachment":[{"href":"https:\/\/feedpixel.com\/pt\/wp-json\/wp\/v2\/media?parent=4038"}],"wp:term":[{"taxonomy":"product_cat","embeddable":true,"href":"https:\/\/feedpixel.com\/pt\/wp-json\/wp\/v2\/product_cat?post=4038"},{"taxonomy":"product_tag","embeddable":true,"href":"https:\/\/feedpixel.com\/pt\/wp-json\/wp\/v2\/product_tag?post=4038"}],"curies":[{"name":"wp","href":"https:\/\/api.w.org\/{rel}","templated":true}]}}