{"id":4064,"date":"2021-02-23T09:20:14","date_gmt":"2021-02-23T09:20:14","guid":{"rendered":"https:\/\/feedpixel.com\/product\/import-placeholder-for-3600\/"},"modified":"2026-03-01T01:41:06","modified_gmt":"2026-03-01T05:41:06","slug":"tiktok-fans","status":"publish","type":"product","link":"https:\/\/feedpixel.com\/pt\/produto\/fas-do-tiktok\/","title":{"rendered":"F\u00e3s de TikTok"},"content":{"rendered":"<p><a name=\"#tab-description\"><\/a><\/p>\n<h1>Por que voc\u00ea deve comprar ventiladores TikTok:<\/h1>\n<p>N\u00e3o \u00e9 segredo que as pessoas tendem a seguir quem \u00e9 uma esp\u00e9cie de celebridade, seja nos neg\u00f3cios ou nas tend\u00eancias da moda. As pessoas se envolver\u00e3o mais em seu perfil TikTok se voc\u00ea tiver um n\u00famero impressionante de seguidores. Deseja atingir o crescimento r\u00e1pido de sua conta TikTok? Voc\u00ea est\u00e1 no lugar certo!<\/p>\n<p>Depois de comprar ventiladores TikTok, voc\u00ea n\u00e3o s\u00f3 obter\u00e1 um produto de alta qualidade que n\u00e3o tem nenhuma analogia no mercado, mas tamb\u00e9m o servi\u00e7o megaboom do agente FeedPixel que nomearemos imediatamente ap\u00f3s o seu pedido. O agente de suporte trabalhar\u00e1 em seu caso e explicar\u00e1 as poss\u00edveis estrat\u00e9gias e responder\u00e1 a todas as suas perguntas. Ainda tem uma d\u00favida por que voc\u00ea deve comprar seguidores TikTok de FeedPixel? Voc\u00ea est\u00e1 certo ao dizer que eles n\u00e3o s\u00e3o todos os nossos benef\u00edcios. Olhe para esta f\u00f3rmula e voc\u00ea entender\u00e1 porque dia ap\u00f3s dia nossos clientes nos escolhem e porque FeedPixel \u00e9 o n\u00famero um:<\/p>\n<p>Alta qualidade + Agente gratuito 24\/7 + O mais barato + Sistema de recarga ilimitado + Entrega 24 horas + Site confi\u00e1vel + Aceita PayPal, Visa, Amex, Mastercard, Litecoin, Bitcoin + Sem senha + Anonimidade total + Sem riscos + Absolutamente seguro + Grandes descontos + Estrat\u00e9gia inteligente + Cuidamos dos neg\u00f3cios de nossos clientes = todos esses apenas $ 0,99 para 100 seguidores TikTok.<\/p>\n<p>Junte-se a n\u00f3s e experimente o servi\u00e7o de luxo hoje!<\/p>\n<h2><strong>Como comprar ventiladores TikTok:<\/strong><\/h2>\n<ol>\n<li>Escolha o pacote que deseja comprar.<\/li>\n<li>Cole seu nome de usu\u00e1rio TikTok.<\/li>\n<li>Clique em \u201cAdicionar ao carrinho\u201d.<\/li>\n<li>Clique em \u201cProsseguir para finalizar a compra\u201d.<\/li>\n<li>Preencha a p\u00e1gina de checkout.<\/li>\n<li>Depois de concluir as etapas necess\u00e1rias, um agente de suporte qualificado ser\u00e1 anexado a voc\u00ea. Este agente pessoal responder\u00e1 a todas as suas perguntas.<\/li>\n<\/ol>","protected":false},"excerpt":{"rendered":"<p><span style=\"color: #ff0000\"><strong>+ Visualiza\u00e7\u00f5es TikTok GRATUITAS em x10 Quantidade de Compra:<\/strong><\/span><\/p>\n<p>(por exemplo, 100 f\u00e3s = 1000 visualiza\u00e7\u00f5es TikTok gratuitas)<\/p>\n<p>(por exemplo, 5.000 f\u00e3s = 50.000 visualiza\u00e7\u00f5es TikTok gratuitas)<\/p>\n<p><a href=\"#tab-description\">Mais informa\u00e7\u00f5es sobre os ventiladores TikTok<\/a><\/p>","protected":false},"featured_media":4094,"comment_status":"open","ping_status":"closed","template":"","meta":{"_acf_changed":false},"product_cat":[41],"product_tag":[42],"class_list":{"0":"post-4064","1":"product","2":"type-product","3":"status-publish","4":"has-post-thumbnail","6":"product_cat-tiktok","7":"product_tag-buy-tiktok-fans","9":"first","10":"instock","11":"sold-individually","12":"shipping-taxable","13":"purchasable","14":"product-type-variable","15":"has-default-attributes"},"bundle_layout":"","bundled_by":["4903"],"bundled_items":[],"acf":[],"_links":{"self":[{"href":"https:\/\/feedpixel.com\/pt\/wp-json\/wp\/v2\/product\/4064","targetHints":{"allow":["GET"]}}],"collection":[{"href":"https:\/\/feedpixel.com\/pt\/wp-json\/wp\/v2\/product"}],"about":[{"href":"https:\/\/feedpixel.com\/pt\/wp-json\/wp\/v2\/types\/product"}],"replies":[{"embeddable":true,"href":"https:\/\/feedpixel.com\/pt\/wp-json\/wp\/v2\/comments?post=4064"}],"wp:featuredmedia":[{"embeddable":true,"href":"https:\/\/feedpixel.com\/pt\/wp-json\/wp\/v2\/media\/4094"}],"wp:attachment":[{"href":"https:\/\/feedpixel.com\/pt\/wp-json\/wp\/v2\/media?parent=4064"}],"wp:term":[{"taxonomy":"product_cat","embeddable":true,"href":"https:\/\/feedpixel.com\/pt\/wp-json\/wp\/v2\/product_cat?post=4064"},{"taxonomy":"product_tag","embeddable":true,"href":"https:\/\/feedpixel.com\/pt\/wp-json\/wp\/v2\/product_tag?post=4064"}],"curies":[{"name":"wp","href":"https:\/\/api.w.org\/{rel}","templated":true}]}}