{"id":4129,"date":"2021-02-23T09:20:29","date_gmt":"2021-02-23T09:20:29","guid":{"rendered":"https:\/\/feedpixel.com\/product\/import-placeholder-for-3870\/"},"modified":"2022-11-11T04:03:37","modified_gmt":"2022-11-11T08:03:37","slug":"twitter-followers","status":"publish","type":"product","link":"https:\/\/feedpixel.com\/pt\/produto\/seguidores-do-twitter\/","title":{"rendered":"Seguidores do Twitter"},"content":{"rendered":"<p><a name=\"#tab-description\"><\/a><\/p>\n<h1>Por que voc\u00ea deve comprar seguidores no Twitter:<\/h1>\n<p>O que pode garantir o sucesso em uma das plataformas mais bem informadas como o Twitter? O que pode ajudar no seu alcance org\u00e2nico e aumentar a visibilidade dos tweets que voc\u00ea publica l\u00e1? Estas s\u00e3o as perguntas complicadas que todo novato no Twitter deve responder se quiser sobreviver em uma competi\u00e7\u00e3o acirrada de usu\u00e1rios estabelecidos do Twitter. O objetivo mais lucrativo pode parecer inicialmente assustador e dificilmente alcan\u00e7\u00e1vel.<\/p>\n<p>Para acompanhar o resto e dar um salto gigante para o seu sucesso, FeedPixel tem algumas armas secretas reservadas para voc\u00ea. Alguns milhares de seguidores no Twitter podem ser \u00fateis para criar um nicho para o seu neg\u00f3cio no Twitter. Seguidores humanos mais ativos significariam mais intera\u00e7\u00e3o com seu p\u00fablico-alvo e, posteriormente, mais retu\u00edtes e visualiza\u00e7\u00f5es. Isso \u00e9 exatamente o que voc\u00ea precisa.<\/p>\n<p>Prometemos economizar seu dinheiro, esfor\u00e7os e tempo quando voc\u00ea negociar conosco. Portal de pagamento seguro e sem necessidade de senha garantem uma compra sem riscos. Muitas maneiras de pagar pelo seu pedido incluem Visa, Mastercard, Amex, PayPal, Bitcoin e Litecoin, etc. Al\u00e9m disso, seu agente pessoal de m\u00eddia social 24 horas por dia, 7 dias por semana, \u00e9 uma consulta de qualidade que voc\u00ea recebe gratuitamente.<\/p>\n<p>Apostamos que voc\u00ea aproveitar\u00e1 o servi\u00e7o ao m\u00e1ximo.<\/p>\n<h2><strong>Como comprar seguidores no Twitter:<\/strong><\/h2>\n<ol>\n<li>Escolha a op\u00e7\u00e3o que voc\u00ea deseja que forne\u00e7amos.<\/li>\n<li>Digite seu nome de usu\u00e1rio do Twitter.<\/li>\n<li>Em seguida, clique em \u201cAdicionar ao carrinho\u201d.<\/li>\n<li>Clique em \u201cProsseguir para finalizar a compra\u201d.<\/li>\n<li>Conclua as etapas necess\u00e1rias na p\u00e1gina de checkout.<\/li>\n<li>Depois de concluir o pedido, iremos anexar um agente de suporte 24 horas por dia, 7 dias por semana, que entrar\u00e1 em contato 24 horas por dia, 7 dias por semana e explicar\u00e1 tudo sobre as pr\u00f3ximas etapas.<\/li>\n<\/ol>","protected":false},"excerpt":{"rendered":"<p><span style=\"color: #00c9b5;\"><strong>+ Suporte 24\/7 GRATUITO de um agente pessoal para garantir a voc\u00ea a melhor experi\u00eancia do cliente<\/strong><\/span><\/p>\n<p><a href=\"#tab-description\">Mais informa\u00e7\u00f5es sobre seguidores no Twitter<\/a><\/p>","protected":false},"featured_media":4155,"comment_status":"open","ping_status":"closed","template":"","meta":{"_acf_changed":false},"product_cat":[50],"product_tag":[52],"class_list":{"0":"post-4129","1":"product","2":"type-product","3":"status-publish","4":"has-post-thumbnail","6":"product_cat-twitter","7":"product_tag-buy-twitter-followers","9":"first","10":"outofstock","11":"sold-individually","12":"shipping-taxable","13":"purchasable","14":"product-type-variable"},"bundle_layout":"","bundled_by":[],"bundled_items":[],"acf":[],"_links":{"self":[{"href":"https:\/\/feedpixel.com\/pt\/wp-json\/wp\/v2\/product\/4129","targetHints":{"allow":["GET"]}}],"collection":[{"href":"https:\/\/feedpixel.com\/pt\/wp-json\/wp\/v2\/product"}],"about":[{"href":"https:\/\/feedpixel.com\/pt\/wp-json\/wp\/v2\/types\/product"}],"replies":[{"embeddable":true,"href":"https:\/\/feedpixel.com\/pt\/wp-json\/wp\/v2\/comments?post=4129"}],"wp:featuredmedia":[{"embeddable":true,"href":"https:\/\/feedpixel.com\/pt\/wp-json\/wp\/v2\/media\/4155"}],"wp:attachment":[{"href":"https:\/\/feedpixel.com\/pt\/wp-json\/wp\/v2\/media?parent=4129"}],"wp:term":[{"taxonomy":"product_cat","embeddable":true,"href":"https:\/\/feedpixel.com\/pt\/wp-json\/wp\/v2\/product_cat?post=4129"},{"taxonomy":"product_tag","embeddable":true,"href":"https:\/\/feedpixel.com\/pt\/wp-json\/wp\/v2\/product_tag?post=4129"}],"curies":[{"name":"wp","href":"https:\/\/api.w.org\/{rel}","templated":true}]}}