{"id":4182,"date":"2021-02-23T09:20:46","date_gmt":"2021-02-23T09:20:46","guid":{"rendered":"https:\/\/feedpixel.com\/product\/import-placeholder-for-3961\/"},"modified":"2026-01-06T13:59:03","modified_gmt":"2026-01-06T17:59:03","slug":"soundcloud-followers","status":"publish","type":"product","link":"https:\/\/feedpixel.com\/pt\/produto\/seguidores-do-soundcloud\/","title":{"rendered":"Seguidores SoundCloud"},"content":{"rendered":"<p><a name=\"#tab-description\"><\/a><\/p>\n<h1>Por que voc\u00ea deve comprar Seguidores SoundCloud:<\/h1>\n<p>N\u00e3o \u00e9 segredo que as pessoas atraem mais pessoas, e SoundCloud n\u00e3o \u00e9 uma exce\u00e7\u00e3o. Quanto mais seguidores voc\u00ea tiver em sua p\u00e1gina; os mais novos o seguir\u00e3o. SoundCloud \u00e9 uma boa plataforma para promover sua arte musical e, claro, uma das melhores estrat\u00e9gias para lan\u00e7ar corretamente \u00e9 ter muitos seguidores. Ter seguidores dar\u00e1 a voc\u00ea a chance de ser notado por produtores famosos, esta\u00e7\u00f5es de r\u00e1dio e clubes importantes.<\/p>\n<p>FeedPixel fornece o melhor servi\u00e7o SoundCloud com seguidores aut\u00eanticos. Nossa estrat\u00e9gia inteligente leva em considera\u00e7\u00e3o seus desejos e objetivos - uma receita garantida para o lan\u00e7amento de uma carreira musical perfeita. Cuidamos do tempo e do dinheiro de nossos clientes. Fornecemos seguidores SoundCloud em 24 horas. Depois de concluir seu pedido, o Feedpixel nomear\u00e1 um agente de suporte 24 horas por dia, 7 dias por semana, para atend\u00ea-lo desde o in\u00edcio ao longo do processo.<\/p>\n<p>Um dos grandes benef\u00edcios do FeedPixel n\u00e3o \u00e9 apenas o melhor pre\u00e7o que voc\u00ea j\u00e1 viu, mas tamb\u00e9m a compra sem riscos. N\u00e3o exigimos credenciais de login da conta. Conosco, certifique-se de que as informa\u00e7\u00f5es fornecidas ter\u00e3o automaticamente status de confidencial. A melhor experi\u00eancia do cliente \u00e9 garantida.<\/p>\n<h2><strong>Como comprar Seguidores SoundCloud:<\/strong><\/h2>\n<ol>\n<li>Escolha a op\u00e7\u00e3o que voc\u00ea deseja que forne\u00e7amos.<\/li>\n<li>Digite seu link \/ URL de artista SoundCloud na caixa necess\u00e1ria.<\/li>\n<li>V\u00e1 para \u201cAdicionar ao carrinho\u201d.<\/li>\n<li>Em seguida, clique em \u201cContinuar para finalizar a compra\u201d.<\/li>\n<li>Preencha a p\u00e1gina de checkout.<\/li>\n<li>Depois de concluir as etapas acima, FeedPixel designa um agente de suporte qualificado 24 horas por dia, 7 dias por semana, que discutir\u00e1 o ajuste certo para voc\u00ea.<\/li>\n<\/ol>","protected":false},"excerpt":{"rendered":"<p><span style=\"color: #00c9b5\"><strong>+ Suporte 24\/7 GRATUITO de um agente pessoal para garantir a voc\u00ea a melhor experi\u00eancia do cliente<\/strong><\/span><\/p>\n<p><a href=\"#tab-description\">Mais informa\u00e7\u00f5es sobre os seguidores SoundCloud<\/a><\/p>","protected":false},"featured_media":4212,"comment_status":"open","ping_status":"closed","template":"","meta":{"_acf_changed":false},"product_cat":[55],"product_tag":[57],"class_list":{"0":"post-4182","1":"product","2":"type-product","3":"status-publish","4":"has-post-thumbnail","6":"product_cat-soundcloud","7":"product_tag-buy-soundcloud-followers","9":"first","10":"instock","11":"sold-individually","12":"shipping-taxable","13":"purchasable","14":"product-type-variable"},"bundle_layout":"","bundled_by":[],"bundled_items":[],"acf":[],"_links":{"self":[{"href":"https:\/\/feedpixel.com\/pt\/wp-json\/wp\/v2\/product\/4182","targetHints":{"allow":["GET"]}}],"collection":[{"href":"https:\/\/feedpixel.com\/pt\/wp-json\/wp\/v2\/product"}],"about":[{"href":"https:\/\/feedpixel.com\/pt\/wp-json\/wp\/v2\/types\/product"}],"replies":[{"embeddable":true,"href":"https:\/\/feedpixel.com\/pt\/wp-json\/wp\/v2\/comments?post=4182"}],"wp:featuredmedia":[{"embeddable":true,"href":"https:\/\/feedpixel.com\/pt\/wp-json\/wp\/v2\/media\/4212"}],"wp:attachment":[{"href":"https:\/\/feedpixel.com\/pt\/wp-json\/wp\/v2\/media?parent=4182"}],"wp:term":[{"taxonomy":"product_cat","embeddable":true,"href":"https:\/\/feedpixel.com\/pt\/wp-json\/wp\/v2\/product_cat?post=4182"},{"taxonomy":"product_tag","embeddable":true,"href":"https:\/\/feedpixel.com\/pt\/wp-json\/wp\/v2\/product_tag?post=4182"}],"curies":[{"name":"wp","href":"https:\/\/api.w.org\/{rel}","templated":true}]}}