{"id":4189,"date":"2021-02-23T09:20:47","date_gmt":"2021-02-23T09:20:47","guid":{"rendered":"https:\/\/feedpixel.com\/product\/import-placeholder-for-3970\/"},"modified":"2026-03-16T04:57:36","modified_gmt":"2026-03-16T08:57:36","slug":"soundcloud-plays","status":"publish","type":"product","link":"https:\/\/feedpixel.com\/pt\/produto\/soundcloud-reproduz\/","title":{"rendered":"SoundCloud reproduz"},"content":{"rendered":"<p><a name=\"#tab-description\"><\/a><\/p>\n<h1>Por que voc\u00ea deve comprar pe\u00e7as SoundCloud:<\/h1>\n<p>Sejamos honestos, as pessoas n\u00e3o mostrar\u00e3o interesse ou se envolver\u00e3o com um perfil SoundCloud que tem poucas ou nenhuma jogada. Desejando se tornar uma estrela pop, e conseguir um contrato multimilion\u00e1rio com gravadoras, sendo notado por produtores renomados, e quem sabe provavelmente ganhe o Grammy - comece com alguns milhares de reprodu\u00e7\u00f5es e voc\u00ea ver\u00e1 sua r\u00e1pida expans\u00e3o no Universo SoundCloud.<\/p>\n<p>Compre pe\u00e7as de SoundCloud com FeedPixel e experimente um servi\u00e7o excepcional. Assim que voc\u00ea comprar jogos de SoundCloud, nosso agente de marketing de m\u00eddia social come\u00e7ar\u00e1 a trabalhar imediatamente em seu caso e entregar\u00e1 seu pedido em 24 horas. A compra de pe\u00e7as de SoundCloud ajudou v\u00e1rios \u00edcones da m\u00fasica a revelar seu talento. Voc\u00ea pode confiar em nossa experi\u00eancia.<\/p>\n<p>Esteja pronto para obter um servi\u00e7o de primeira qualidade que seja seguro de usar. FeedPixel usa contas SoundCloud genu\u00ednas; \u00e9 por isso que voc\u00ea n\u00e3o enfrentar\u00e1 nenhum risco. N\u00f3s nos preocupamos com o tempo e os esfor\u00e7os dos clientes, e nossa estrat\u00e9gia inteligente permite que voc\u00ea use v\u00e1rias maneiras de pagar pelo pedido, incluindo Litecoin, Bitcoin e outras criptomoedas. Pre\u00e7os imbat\u00edveis de FeedPixel para todos os seus servi\u00e7os, e jogos de SoundCloud n\u00e3o \u00e9 uma exce\u00e7\u00e3o. Mantemos nossa promessa de servir de trampolim para o seu talento e j\u00e1 ajudamos milhares. Junte-se a n\u00f3s agora - deixe seu futuro criar asas para voar.<\/p>\n<h2><strong>Como comprar pe\u00e7as SoundCloud:<\/strong><\/h2>\n<ol>\n<li>Escolha o pacote certo.<\/li>\n<li>Cole o link \/ URL das trilhas do Soundcloud.<\/li>\n<li>Clique em \u201cAdicionar ao carrinho\u201d.<\/li>\n<li>Clique em \u201cContinuar para finalizar a compra\u201d.<\/li>\n<li>Preencha todos os campos na p\u00e1gina de checkout.<\/li>\n<li>Depois de concluir as etapas necess\u00e1rias, FeedPixel anexar\u00e1 um agente de suporte qualificado que explicar\u00e1 tudo sobre as pr\u00f3ximas etapas.<\/li>\n<\/ol>","protected":false},"excerpt":{"rendered":"<p><span style=\"color: #00c9b5\"><strong>+ Suporte 24\/7 GRATUITO de um agente pessoal para garantir a voc\u00ea a melhor experi\u00eancia do cliente<\/strong><\/span><\/p>\n<p><a href=\"#tab-description\">Mais informa\u00e7\u00f5es sobre SoundCloud Plays<\/a><\/p>","protected":false},"featured_media":4219,"comment_status":"open","ping_status":"closed","template":"","meta":{"_acf_changed":false},"product_cat":[55],"product_tag":[58],"class_list":{"0":"post-4189","1":"product","2":"type-product","3":"status-publish","4":"has-post-thumbnail","6":"product_cat-soundcloud","7":"product_tag-buy-soundcloud-plays","9":"first","10":"instock","11":"sold-individually","12":"shipping-taxable","13":"purchasable","14":"product-type-variable"},"bundle_layout":"","bundled_by":[],"bundled_items":[],"acf":[],"_links":{"self":[{"href":"https:\/\/feedpixel.com\/pt\/wp-json\/wp\/v2\/product\/4189","targetHints":{"allow":["GET"]}}],"collection":[{"href":"https:\/\/feedpixel.com\/pt\/wp-json\/wp\/v2\/product"}],"about":[{"href":"https:\/\/feedpixel.com\/pt\/wp-json\/wp\/v2\/types\/product"}],"replies":[{"embeddable":true,"href":"https:\/\/feedpixel.com\/pt\/wp-json\/wp\/v2\/comments?post=4189"}],"wp:featuredmedia":[{"embeddable":true,"href":"https:\/\/feedpixel.com\/pt\/wp-json\/wp\/v2\/media\/4219"}],"wp:attachment":[{"href":"https:\/\/feedpixel.com\/pt\/wp-json\/wp\/v2\/media?parent=4189"}],"wp:term":[{"taxonomy":"product_cat","embeddable":true,"href":"https:\/\/feedpixel.com\/pt\/wp-json\/wp\/v2\/product_cat?post=4189"},{"taxonomy":"product_tag","embeddable":true,"href":"https:\/\/feedpixel.com\/pt\/wp-json\/wp\/v2\/product_tag?post=4189"}],"curies":[{"name":"wp","href":"https:\/\/api.w.org\/{rel}","templated":true}]}}