{"id":4366,"date":"2021-02-23T09:21:50","date_gmt":"2021-02-23T09:21:50","guid":{"rendered":"https:\/\/feedpixel.com\/product\/import-placeholder-for-4193\/"},"modified":"2026-03-16T05:09:05","modified_gmt":"2026-03-16T09:09:05","slug":"twitch-followers","status":"publish","type":"product","link":"https:\/\/feedpixel.com\/pt\/produto\/seguidores-do-twitch\/","title":{"rendered":"Seguidores do Twitch"},"content":{"rendered":"<p><a name=\"#tab-description\"><\/a><\/p>\n<h1>Por que voc\u00ea deve comprar seguidores do Twitch:<\/h1>\n<p>Os streamers mais inteligentes do Twitch hoje em dia usam t\u00e1ticas eficazes para envolver as pessoas - milh\u00f5es de seguidores do canal Twitch fazem o trabalho por eles. Eles sabem que quanto mais seguidores eles t\u00eam, mais novos eles v\u00e3o atrair, ent\u00e3o eles compram seguidores no Twitch. O que o impede de estabelecer a autoridade de seu canal Twitch com FeedPixel?<\/p>\n<p>Ao comprar seguidores Twitch da FeedPixel, voc\u00ea obt\u00e9m usu\u00e1rios de contas de alta qualidade e servi\u00e7o de alto padr\u00e3o. E qual \u00e9 o pre\u00e7o de todo esse prazer? Apenas $ 1,99! O mais baixo do mercado pela qualidade do servi\u00e7o. Al\u00e9m disso, tomamos medidas de seguran\u00e7a e nos preocupamos com sua seguran\u00e7a, portanto, n\u00e3o exigimos nenhuma senha ou informa\u00e7\u00e3o privada. Outro benef\u00edcio de comprar seguidores no Twitch da FeedPixel \u00e9 um agente de marketing de m\u00eddia social qualificado que estar\u00e1 em contato com voc\u00ea 24 horas por dia, 7 dias por semana. O seu sucesso tamb\u00e9m \u00e9 o nosso sucesso, portanto, fique tranquilo, pois este servi\u00e7o inclui um sistema de recarga.<\/p>\n<p>Para sua comodidade, est\u00e3o \u00e0 venda pacotes semanais e mensais que tornam o servi\u00e7o FeedPixel ainda mais apelativo. Confira, escolha o seu e deixe-nos fazer o trabalho promocional para voc\u00ea. Os resultados s\u00e3o incompar\u00e1veis e a equipe \u00e1gil de profissionais est\u00e1 \u00e0 sua disposi\u00e7\u00e3o para consultar sem nenhum custo adicional!<\/p>\n<h2><strong>Como comprar seguidores do Twitch:<\/strong><\/h2>\n<ol>\n<li>Escolha a op\u00e7\u00e3o que voc\u00ea deseja que forne\u00e7amos.<\/li>\n<li>Insira o URL do seu canal Twitch.<\/li>\n<li>Clique em \u201cAdicionar ao carrinho\u201d.<\/li>\n<li>Em seguida, clique em \u201cContinuar para finalizar a compra\u201d.<\/li>\n<li>Complete a p\u00e1gina de checkout.<\/li>\n<li>Depois de concluir as etapas necess\u00e1rias, nossa empresa ir\u00e1 anexar um agente de suporte qualificado 24 horas por dia, 7 dias por semana, que explicar\u00e1 tudo sobre as pr\u00f3ximas etapas.<\/li>\n<\/ol>","protected":false},"excerpt":{"rendered":"<p><span class=\"emoji\">\u26a0\ufe0fTwitch Seguidores podem demorar mais que o normal <span style=\"color: red\"><strong>(pode levar v\u00e1rias semanas)<\/strong><\/span>. Por favor, leve isso em considera\u00e7\u00e3o ao fazer o pedido. Sua compreens\u00e3o \u00e9 apreciada.<\/span><\/p>\n<p><a href=\"#tab-description\">Mais informa\u00e7\u00f5es sobre os seguidores do Twitch<\/a><\/p>","protected":false},"featured_media":4396,"comment_status":"open","ping_status":"closed","template":"","meta":{"_acf_changed":false},"product_cat":[76],"product_tag":[77],"class_list":{"0":"post-4366","1":"product","2":"type-product","3":"status-publish","4":"has-post-thumbnail","6":"product_cat-twitch","7":"product_tag-buy-twitch-followers","9":"first","10":"instock","11":"sold-individually","12":"shipping-taxable","13":"purchasable","14":"product-type-variable"},"bundle_layout":"","bundled_by":[],"bundled_items":[],"acf":[],"_links":{"self":[{"href":"https:\/\/feedpixel.com\/pt\/wp-json\/wp\/v2\/product\/4366","targetHints":{"allow":["GET"]}}],"collection":[{"href":"https:\/\/feedpixel.com\/pt\/wp-json\/wp\/v2\/product"}],"about":[{"href":"https:\/\/feedpixel.com\/pt\/wp-json\/wp\/v2\/types\/product"}],"replies":[{"embeddable":true,"href":"https:\/\/feedpixel.com\/pt\/wp-json\/wp\/v2\/comments?post=4366"}],"wp:featuredmedia":[{"embeddable":true,"href":"https:\/\/feedpixel.com\/pt\/wp-json\/wp\/v2\/media\/4396"}],"wp:attachment":[{"href":"https:\/\/feedpixel.com\/pt\/wp-json\/wp\/v2\/media?parent=4366"}],"wp:term":[{"taxonomy":"product_cat","embeddable":true,"href":"https:\/\/feedpixel.com\/pt\/wp-json\/wp\/v2\/product_cat?post=4366"},{"taxonomy":"product_tag","embeddable":true,"href":"https:\/\/feedpixel.com\/pt\/wp-json\/wp\/v2\/product_tag?post=4366"}],"curies":[{"name":"wp","href":"https:\/\/api.w.org\/{rel}","templated":true}]}}