{"id":4505,"date":"2021-02-23T09:23:38","date_gmt":"2021-02-23T09:23:38","guid":{"rendered":"https:\/\/feedpixel.com\/product\/import-placeholder-for-4497\/"},"modified":"2026-05-03T03:57:31","modified_gmt":"2026-05-03T07:57:31","slug":"free-tiktok","status":"publish","type":"product","link":"https:\/\/feedpixel.com\/pt\/produto\/tiktok-gratis-2\/","title":{"rendered":"TikTok gr\u00e1tis"},"content":{"rendered":"","protected":false},"excerpt":{"rendered":"<p>Quer obter visualiza\u00e7\u00f5es gratuitas de TikTok para tornar seu v\u00eddeo viral? Conclua as etapas a seguir e cole os links do v\u00eddeo que voc\u00ea criou que atenda \u00e0s condi\u00e7\u00f5es. Obtenha suas visualiza\u00e7\u00f5es gratuitas em 24 horas ou menos.<\/p>\n<ol>\n<li><strong>Para obter mil visualiza\u00e7\u00f5es TikTok gratuitas:<\/strong><br \/>\nSeguir <a href=\"https:\/\/tiktok.com\/@feedpixel\"><strong>@feedpixel<\/strong><\/a> em TikTok e curtir a primeira postagem de <a href=\"https:\/\/tiktok.com\/@feedpixel\"><strong>@feedpixel<\/strong><\/a><\/li>\n<li><strong>Para obter 50 mil visualiza\u00e7\u00f5es TikTok gratuitas:<\/strong><br \/>\nFa\u00e7a um v\u00eddeo sobre nosso novo <a href=\"https:\/\/feedpixel.com\/pt\/tiktok-money-calculator\/\"><strong>Calculadora de dinheiro TikTok<\/strong><\/a> e poste em sua conta TikTok.<\/li>\n<li><strong>Para obter 100 mil visualiza\u00e7\u00f5es TikTok gratuitas:<\/strong><br \/>\nFa\u00e7a um v\u00eddeo sobre nosso novo<a href=\"https:\/\/feedpixel.com\/pt\/tiktok-money-calculator\/\"><strong> Calculadora de dinheiro TikTok<\/strong><\/a> e publique-o no YouTube.<\/li>\n<\/ol>\n<hr \/>\n<p><span style=\"color: #ff0000;\"><strong>1 pedido por 24 horas. V\u00e1rios pedidos ser\u00e3o exclu\u00eddos.<\/strong><\/span><\/p>","protected":false},"featured_media":4534,"comment_status":"open","ping_status":"closed","template":"","meta":{"_acf_changed":false},"product_cat":[92],"product_tag":[99,100,101,102,103],"class_list":{"0":"post-4505","1":"product","2":"type-product","3":"status-publish","4":"has-post-thumbnail","6":"product_cat-free","7":"product_tag-free-tiktok-fans","8":"product_tag-free-tiktok-followers","9":"product_tag-free-tiktok-likes","10":"product_tag-free-tiktok-shares","11":"product_tag-free-tiktok-views","13":"first","14":"outofstock","15":"sold-individually","16":"shipping-taxable","17":"purchasable","18":"product-type-variable"},"bundle_layout":"","bundled_by":[],"bundled_items":[],"acf":[],"_links":{"self":[{"href":"https:\/\/feedpixel.com\/pt\/wp-json\/wp\/v2\/product\/4505","targetHints":{"allow":["GET"]}}],"collection":[{"href":"https:\/\/feedpixel.com\/pt\/wp-json\/wp\/v2\/product"}],"about":[{"href":"https:\/\/feedpixel.com\/pt\/wp-json\/wp\/v2\/types\/product"}],"replies":[{"embeddable":true,"href":"https:\/\/feedpixel.com\/pt\/wp-json\/wp\/v2\/comments?post=4505"}],"wp:featuredmedia":[{"embeddable":true,"href":"https:\/\/feedpixel.com\/pt\/wp-json\/wp\/v2\/media\/4534"}],"wp:attachment":[{"href":"https:\/\/feedpixel.com\/pt\/wp-json\/wp\/v2\/media?parent=4505"}],"wp:term":[{"taxonomy":"product_cat","embeddable":true,"href":"https:\/\/feedpixel.com\/pt\/wp-json\/wp\/v2\/product_cat?post=4505"},{"taxonomy":"product_tag","embeddable":true,"href":"https:\/\/feedpixel.com\/pt\/wp-json\/wp\/v2\/product_tag?post=4505"}],"curies":[{"name":"wp","href":"https:\/\/api.w.org\/{rel}","templated":true}]}}