{"id":5425,"date":"2021-03-12T11:53:12","date_gmt":"2021-03-12T15:53:12","guid":{"rendered":"https:\/\/feedpixel.com\/?post_type=product&#038;p=5425"},"modified":"2023-02-25T04:31:19","modified_gmt":"2023-02-25T08:31:19","slug":"spotify-track-plays","status":"publish","type":"product","link":"https:\/\/feedpixel.com\/pt\/produto\/spotify-track-plays\/","title":{"rendered":"Spotify Track Plays"},"content":{"rendered":"<h2><strong>Como comprar reprodu\u00e7\u00f5es de faixas do Spotify:<\/strong><\/h2>\n<ol>\n<li>Escolha o pacote que voc\u00ea deseja que forne\u00e7amos.<\/li>\n<li>Insira um link de URL para sua faixa do Spotify.<\/li>\n<li>Clique em \u201cAdicionar ao carrinho\u201d.<\/li>\n<li>V\u00e1 para \u201cProsseguir para finalizar a compra\u201d.<\/li>\n<li>Preencha todas as informa\u00e7\u00f5es necess\u00e1rias na p\u00e1gina de checkout.<\/li>\n<li>Conclua as etapas acima e iremos colocar um agente de suporte qualificado 24 horas por dia, 7 dias por semana, que explicar\u00e1 tudo sobre as pr\u00f3ximas etapas.<\/li>\n<\/ol>","protected":false},"excerpt":{"rendered":"<p><span class=\"emoji\">\u26a0\ufe0fAs reprodu\u00e7\u00f5es de faixas do Spotify est\u00e3o funcionando mais lentamente que o normal <span style=\"color: red\"><strong>(grandes quantidades podem levar v\u00e1rias semanas)<\/strong><\/span>. Por favor, leve isso em considera\u00e7\u00e3o ao fazer o pedido. Sua compreens\u00e3o \u00e9 muito apreciada!<\/span><\/p>","protected":false},"featured_media":5306,"comment_status":"open","ping_status":"closed","template":"","meta":{"_acf_changed":false},"product_cat":[140],"product_tag":[],"class_list":{"0":"post-5425","1":"product","2":"type-product","3":"status-publish","4":"has-post-thumbnail","6":"product_cat-spotify","8":"first","9":"outofstock","10":"sold-individually","11":"shipping-taxable","12":"purchasable","13":"product-type-variable"},"bundle_layout":"","bundled_by":[],"bundled_items":[],"acf":[],"_links":{"self":[{"href":"https:\/\/feedpixel.com\/pt\/wp-json\/wp\/v2\/product\/5425","targetHints":{"allow":["GET"]}}],"collection":[{"href":"https:\/\/feedpixel.com\/pt\/wp-json\/wp\/v2\/product"}],"about":[{"href":"https:\/\/feedpixel.com\/pt\/wp-json\/wp\/v2\/types\/product"}],"replies":[{"embeddable":true,"href":"https:\/\/feedpixel.com\/pt\/wp-json\/wp\/v2\/comments?post=5425"}],"wp:featuredmedia":[{"embeddable":true,"href":"https:\/\/feedpixel.com\/pt\/wp-json\/wp\/v2\/media\/5306"}],"wp:attachment":[{"href":"https:\/\/feedpixel.com\/pt\/wp-json\/wp\/v2\/media?parent=5425"}],"wp:term":[{"taxonomy":"product_cat","embeddable":true,"href":"https:\/\/feedpixel.com\/pt\/wp-json\/wp\/v2\/product_cat?post=5425"},{"taxonomy":"product_tag","embeddable":true,"href":"https:\/\/feedpixel.com\/pt\/wp-json\/wp\/v2\/product_tag?post=5425"}],"curies":[{"name":"wp","href":"https:\/\/api.w.org\/{rel}","templated":true}]}}