{"id":5435,"date":"2021-03-12T11:58:39","date_gmt":"2021-03-12T15:58:39","guid":{"rendered":"https:\/\/feedpixel.com\/?post_type=product&#038;p=5435"},"modified":"2022-01-04T04:04:25","modified_gmt":"2022-01-04T08:04:25","slug":"spotify-saves","status":"publish","type":"product","link":"https:\/\/feedpixel.com\/pt\/produto\/spotify-saves\/","title":{"rendered":"Spotify salva"},"content":{"rendered":"<h2><strong>How to buy Spotify Saves:<\/strong><\/h2>\n<ol>\n<li>Escolha o pacote que voc\u00ea deseja que forne\u00e7amos.<\/li>\n<li>Insira um link de URL para sua faixa do Spotify.<\/li>\n<li>Clique em \u201cAdicionar ao carrinho\u201d.<\/li>\n<li>V\u00e1 para \u201cProsseguir para finalizar a compra\u201d.<\/li>\n<li>Preencha todas as informa\u00e7\u00f5es necess\u00e1rias na p\u00e1gina de checkout.<\/li>\n<li>Conclua as etapas acima e iremos colocar um agente de suporte qualificado 24 horas por dia, 7 dias por semana, que explicar\u00e1 tudo sobre as pr\u00f3ximas etapas.<\/li>\n<\/ol>","protected":false},"excerpt":{"rendered":"<p><span style=\"color: #00c9b5\"><strong>+ Suporte 24\/7 GRATUITO de um agente pessoal para garantir a voc\u00ea a melhor experi\u00eancia do cliente<\/strong><\/span><\/p>","protected":false},"featured_media":5316,"comment_status":"open","ping_status":"closed","template":"","meta":{"_acf_changed":false},"product_cat":[140],"product_tag":[],"class_list":{"0":"post-5435","1":"product","2":"type-product","3":"status-publish","4":"has-post-thumbnail","6":"product_cat-spotify","8":"first","9":"outofstock","10":"sold-individually","11":"shipping-taxable","12":"purchasable","13":"product-type-variable"},"bundle_layout":"","bundled_by":[],"bundled_items":[],"acf":[],"_links":{"self":[{"href":"https:\/\/feedpixel.com\/pt\/wp-json\/wp\/v2\/product\/5435","targetHints":{"allow":["GET"]}}],"collection":[{"href":"https:\/\/feedpixel.com\/pt\/wp-json\/wp\/v2\/product"}],"about":[{"href":"https:\/\/feedpixel.com\/pt\/wp-json\/wp\/v2\/types\/product"}],"replies":[{"embeddable":true,"href":"https:\/\/feedpixel.com\/pt\/wp-json\/wp\/v2\/comments?post=5435"}],"wp:featuredmedia":[{"embeddable":true,"href":"https:\/\/feedpixel.com\/pt\/wp-json\/wp\/v2\/media\/5316"}],"wp:attachment":[{"href":"https:\/\/feedpixel.com\/pt\/wp-json\/wp\/v2\/media?parent=5435"}],"wp:term":[{"taxonomy":"product_cat","embeddable":true,"href":"https:\/\/feedpixel.com\/pt\/wp-json\/wp\/v2\/product_cat?post=5435"},{"taxonomy":"product_tag","embeddable":true,"href":"https:\/\/feedpixel.com\/pt\/wp-json\/wp\/v2\/product_tag?post=5435"}],"curies":[{"name":"wp","href":"https:\/\/api.w.org\/{rel}","templated":true}]}}